{"id":2225,"date":"2022-02-20T00:00:57","date_gmt":"2022-02-19T21:00:57","guid":{"rendered":"https:\/\/ilk-san.com.tr\/en\/?page_id=2225"},"modified":"2022-03-13T13:52:45","modified_gmt":"2022-03-13T10:52:45","slug":"magnesit","status":"publish","type":"page","link":"https:\/\/ilk-san.com.tr\/en\/magnesit\/","title":{"rendered":"MAGNESIT"},"content":{"rendered":"\t\t<div data-elementor-type=\"wp-page\" data-elementor-id=\"2225\" class=\"elementor elementor-2225\">\n\t\t\t\t\t\t<section class=\"elementor-section elementor-top-section elementor-element elementor-element-80c8a14 elementor-section-boxed elementor-section-height-default elementor-section-height-default\" data-id=\"80c8a14\" data-element_type=\"section\" data-settings=\"{&quot;ekit_has_onepagescroll_dot&quot;:&quot;yes&quot;}\">\n\t\t\t\t\t\t<div class=\"elementor-container elementor-column-gap-wider\">\n\t\t\t\t\t<div class=\"elementor-column elementor-col-33 elementor-top-column elementor-element elementor-element-1bcb0ac\" data-id=\"1bcb0ac\" data-element_type=\"column\">\n\t\t\t<div class=\"elementor-widget-wrap elementor-element-populated\">\n\t\t\t\t\t\t<div class=\"elementor-element elementor-element-0d86719 de_scroll_animation_no elementor-widget elementor-widget-heading\" data-id=\"0d86719\" data-element_type=\"widget\" data-settings=\"{&quot;ekit_we_effect_on&quot;:&quot;none&quot;}\" data-widget_type=\"heading.default\">\n\t\t\t\t<div class=\"elementor-widget-container\">\n\t\t\t\t\t<h2 class=\"elementor-heading-title elementor-size-default\">MAGNESIT A.\u015e.<\/h2>\t\t\t\t<\/div>\n\t\t\t\t<\/div>\n\t\t\t\t<div class=\"elementor-element elementor-element-49eb02f de_scroll_animation_no elementor-widget elementor-widget-heading\" data-id=\"49eb02f\" data-element_type=\"widget\" data-settings=\"{&quot;ekit_we_effect_on&quot;:&quot;none&quot;}\" data-widget_type=\"heading.default\">\n\t\t\t\t<div class=\"elementor-widget-container\">\n\t\t\t\t\t<h6 class=\"elementor-heading-title elementor-size-default\">Eski\u015fehir\/Turkey<\/h6>\t\t\t\t<\/div>\n\t\t\t\t<\/div>\n\t\t\t\t<div class=\"elementor-element elementor-element-92564c3 de_scroll_animation_no elementor-widget elementor-widget-heading\" data-id=\"92564c3\" data-element_type=\"widget\" data-settings=\"{&quot;ekit_we_effect_on&quot;:&quot;none&quot;}\" data-widget_type=\"heading.default\">\n\t\t\t\t<div class=\"elementor-widget-container\">\n\t\t\t\t\t<h6 class=\"elementor-heading-title elementor-size-default\">\"RHI Magnesita Group\"<\/h6>\t\t\t\t<\/div>\n\t\t\t\t<\/div>\n\t\t\t\t<div class=\"elementor-element elementor-element-1eff320 elementor-align-left de_scroll_animation_no elementor-widget elementor-widget-button\" data-id=\"1eff320\" data-element_type=\"widget\" data-settings=\"{&quot;ekit_we_effect_on&quot;:&quot;none&quot;}\" data-widget_type=\"button.default\">\n\t\t\t\t<div class=\"elementor-widget-container\">\n\t\t\t\t\t\t\t\t\t<div class=\"elementor-button-wrapper\">\n\t\t\t\t\t<a class=\"elementor-button elementor-button-link elementor-size-sm\" href=\"http:\/\/www.rhimagnesita.com\/\" target=\"_blank\" rel=\"nofollow\">\n\t\t\t\t\t\t<span class=\"elementor-button-content-wrapper\">\n\t\t\t\t\t\t<span class=\"elementor-button-icon\">\n\t\t\t\t<i aria-hidden=\"true\" class=\"fas fa-arrow-right\"><\/i>\t\t\t<\/span>\n\t\t\t\t\t\t\t\t\t<span class=\"elementor-button-text\">rhimagnesita.com<\/span>\n\t\t\t\t\t<\/span>\n\t\t\t\t\t<\/a>\n\t\t\t\t<\/div>\n\t\t\t\t\t\t\t\t<\/div>\n\t\t\t\t<\/div>\n\t\t\t\t<div class=\"elementor-element elementor-element-c863350 de_scroll_animation_no elementor-widget elementor-widget-text-editor\" data-id=\"c863350\" data-element_type=\"widget\" data-settings=\"{&quot;ekit_we_effect_on&quot;:&quot;none&quot;}\" data-widget_type=\"text-editor.default\">\n\t\t\t\t<div class=\"elementor-widget-container\">\n\t\t\t\t\t\t\t\t\t<p style=\"text-align: justify;\">Manufacturer of vairous gunning, casting, ramming \u00a0and general repair mortars\/mixes and sliding gate refractories;<\/p><ul><li style=\"text-align: justify;\"><strong>Gunning-Ramming and Repair Mixes for Steel Production Units like;<\/strong><ul><li style=\"text-align: justify;\">Electric Arc Furnaces,<\/li><li style=\"text-align: justify;\">BOF \u2013 Converter,<\/li><li style=\"text-align: justify;\">Ladle, RH and DH Degasser<\/li><li style=\"text-align: justify;\">Tundish<\/li><\/ul><\/li><li><strong>Maintenance and machinery training<\/strong><\/li><li style=\"text-align: justify;\"><strong>Refractories for Slide Gate and Purging Ceramics like;<\/strong><ul><li style=\"text-align: justify;\">Repaired Plates<\/li><li style=\"text-align: justify;\">Original Plate Assembly<\/li><li style=\"text-align: justify;\">Well Block Casting<\/li><li style=\"text-align: justify;\">Nozzle<\/li><\/ul><\/li><li><strong>Sinter Magnesite<\/strong><\/li><\/ul>\t\t\t\t\t\t\t\t<\/div>\n\t\t\t\t<\/div>\n\t\t\t\t<div class=\"elementor-element elementor-element-74d09c8 de_scroll_animation_no elementor-widget elementor-widget-heading\" data-id=\"74d09c8\" data-element_type=\"widget\" data-settings=\"{&quot;ekit_we_effect_on&quot;:&quot;none&quot;}\" data-widget_type=\"heading.default\">\n\t\t\t\t<div class=\"elementor-widget-container\">\n\t\t\t\t\t<h5 class=\"elementor-heading-title elementor-size-default\">References:<\/h5>\t\t\t\t<\/div>\n\t\t\t\t<\/div>\n\t\t\t\t<div class=\"elementor-element elementor-element-fdf0f3c de_scroll_animation_no elementor-widget elementor-widget-text-editor\" data-id=\"fdf0f3c\" data-element_type=\"widget\" data-settings=\"{&quot;ekit_we_effect_on&quot;:&quot;none&quot;}\" data-widget_type=\"text-editor.default\">\n\t\t\t\t<div class=\"elementor-widget-container\">\n\t\t\t\t\t\t\t\t\t<ul><li>Asil \u00c7elik<\/li><li>Ba\u015ftu\u011f<\/li><li>\u00c7emta\u015f<\/li><li>\u00c7olako\u011flu<\/li><li>Diler<\/li><li>Ege \u00c7elik<\/li><li>Ekinciler<\/li><li>Erdemir<\/li><li>Haba\u015f<\/li><li>\u0130\u00e7da\u015f<\/li><li>\u0130sdemir<\/li><li>\u0130zmir D\u00c7<\/li><li>Kaptan<\/li><li>Kardemir<\/li><li>Ko\u00e7 \u00c7elik<\/li><li>Kroman<\/li><li>Makina Kimya<\/li><li>MMK<\/li><li>\u00d6zkan<\/li><li>S\u0131dd\u0131klar<\/li><li>Sider<\/li><li>Sivas \u00c7elik<\/li><li>Tos\u00e7elik<\/li><li>Yaz\u0131c\u0131<\/li><li>Ye\u015filyurt<\/li><\/ul>\t\t\t\t\t\t\t\t<\/div>\n\t\t\t\t<\/div>\n\t\t\t\t\t<\/div>\n\t\t<\/div>\n\t\t\t\t<div class=\"elementor-column elementor-col-33 elementor-top-column elementor-element elementor-element-d03039b\" data-id=\"d03039b\" data-element_type=\"column\">\n\t\t\t<div class=\"elementor-widget-wrap\">\n\t\t\t\t\t\t\t<\/div>\n\t\t<\/div>\n\t\t\t\t<div class=\"elementor-column elementor-col-33 elementor-top-column elementor-element elementor-element-fffe6cf\" data-id=\"fffe6cf\" data-element_type=\"column\">\n\t\t\t<div class=\"elementor-widget-wrap elementor-element-populated\">\n\t\t\t\t\t\t<div class=\"elementor-element elementor-element-f2a948c elementor-widget__width-inherit elementor-widget-mobile__width-inherit elementor-arrows-position-inside elementor-pagination-position-outside de_scroll_animation_no elementor-widget elementor-widget-image-carousel\" data-id=\"f2a948c\" data-element_type=\"widget\" data-settings=\"{&quot;slides_to_show&quot;:&quot;1&quot;,&quot;slides_to_show_mobile&quot;:&quot;1&quot;,&quot;navigation&quot;:&quot;both&quot;,&quot;autoplay&quot;:&quot;yes&quot;,&quot;pause_on_hover&quot;:&quot;yes&quot;,&quot;pause_on_interaction&quot;:&quot;yes&quot;,&quot;autoplay_speed&quot;:5000,&quot;infinite&quot;:&quot;yes&quot;,&quot;effect&quot;:&quot;slide&quot;,&quot;speed&quot;:500,&quot;ekit_we_effect_on&quot;:&quot;none&quot;}\" data-widget_type=\"image-carousel.default\">\n\t\t\t\t<div class=\"elementor-widget-container\">\n\t\t\t\t\t\t\t<div class=\"elementor-image-carousel-wrapper swiper\" role=\"region\" aria-roledescription=\"carousel\" aria-label=\"Image Carousel\" dir=\"ltr\">\n\t\t\t<div class=\"elementor-image-carousel swiper-wrapper\" aria-live=\"off\">\n\t\t\t\t\t\t\t\t<div class=\"swiper-slide\" role=\"group\" aria-roledescription=\"slide\" aria-label=\"1 of 1\"><figure class=\"swiper-slide-inner\"><img decoding=\"async\" class=\"swiper-slide-image\" src=\"https:\/\/ilk-san.com.tr\/en\/wp-content\/uploads\/2022\/03\/industry-2-768x432.jpg\" alt=\"industry-2\" \/><\/figure><\/div>\t\t\t<\/div>\n\t\t\t\t\t<\/div>\n\t\t\t\t\t\t<\/div>\n\t\t\t\t<\/div>\n\t\t\t\t\t<\/div>\n\t\t<\/div>\n\t\t\t\t\t<\/div>\n\t\t<\/section>\n\t\t\t\t<\/div>\n\t\t","protected":false},"excerpt":{"rendered":"<p>MAGNESIT A.\u015e. Eski\u015fehir\/Turkey &#8220;RHI Magnesita Group&#8221; rhimagnesita.com Manufacturer of vairous gunning, casting, ramming \u00a0and general repair mortars\/mixes and sliding gate refractories; Gunning-Ramming and Repair Mixes for Steel Production Units like; Electric Arc Furnaces, BOF \u2013 Converter, Ladle, RH and DH Degasser Tundish Maintenance and machinery training Refractories for Slide Gate and Purging Ceramics like; Repaired [&hellip;]<\/p>\n","protected":false},"author":1,"featured_media":0,"parent":0,"menu_order":0,"comment_status":"closed","ping_status":"closed","template":"elementor_header_footer","meta":{"footnotes":""},"class_list":["post-2225","page","type-page","status-publish","hentry"],"_links":{"self":[{"href":"https:\/\/ilk-san.com.tr\/en\/wp-json\/wp\/v2\/pages\/2225","targetHints":{"allow":["GET"]}}],"collection":[{"href":"https:\/\/ilk-san.com.tr\/en\/wp-json\/wp\/v2\/pages"}],"about":[{"href":"https:\/\/ilk-san.com.tr\/en\/wp-json\/wp\/v2\/types\/page"}],"author":[{"embeddable":true,"href":"https:\/\/ilk-san.com.tr\/en\/wp-json\/wp\/v2\/users\/1"}],"replies":[{"embeddable":true,"href":"https:\/\/ilk-san.com.tr\/en\/wp-json\/wp\/v2\/comments?post=2225"}],"version-history":[{"count":28,"href":"https:\/\/ilk-san.com.tr\/en\/wp-json\/wp\/v2\/pages\/2225\/revisions"}],"predecessor-version":[{"id":3084,"href":"https:\/\/ilk-san.com.tr\/en\/wp-json\/wp\/v2\/pages\/2225\/revisions\/3084"}],"wp:attachment":[{"href":"https:\/\/ilk-san.com.tr\/en\/wp-json\/wp\/v2\/media?parent=2225"}],"curies":[{"name":"wp","href":"https:\/\/api.w.org\/{rel}","templated":true}]}}