{"id":2194,"date":"2022-02-20T00:00:12","date_gmt":"2022-02-19T21:00:12","guid":{"rendered":"https:\/\/ilk-san.com.tr\/en\/?page_id=2194"},"modified":"2022-03-12T16:12:32","modified_gmt":"2022-03-12T13:12:32","slug":"possehl-erzkontor","status":"publish","type":"page","link":"https:\/\/ilk-san.com.tr\/en\/possehl-erzkontor\/","title":{"rendered":"POSSEHL ERZKONTOR"},"content":{"rendered":"\t\t<div data-elementor-type=\"wp-page\" data-elementor-id=\"2194\" class=\"elementor elementor-2194\">\n\t\t\t\t\t\t<section class=\"elementor-section elementor-top-section elementor-element elementor-element-80c8a14 elementor-section-boxed elementor-section-height-default elementor-section-height-default\" data-id=\"80c8a14\" data-element_type=\"section\" data-settings=\"{&quot;ekit_has_onepagescroll_dot&quot;:&quot;yes&quot;}\">\n\t\t\t\t\t\t<div class=\"elementor-container elementor-column-gap-wider\">\n\t\t\t\t\t<div class=\"elementor-column elementor-col-33 elementor-top-column elementor-element elementor-element-1bcb0ac\" data-id=\"1bcb0ac\" data-element_type=\"column\">\n\t\t\t<div class=\"elementor-widget-wrap elementor-element-populated\">\n\t\t\t\t\t\t<div class=\"elementor-element elementor-element-0d86719 de_scroll_animation_no elementor-widget elementor-widget-heading\" data-id=\"0d86719\" data-element_type=\"widget\" data-settings=\"{&quot;ekit_we_effect_on&quot;:&quot;none&quot;}\" data-widget_type=\"heading.default\">\n\t\t\t\t<div class=\"elementor-widget-container\">\n\t\t\t\t\t<h2 class=\"elementor-heading-title elementor-size-default\">POSSEHL ERZKONTOR<\/h2>\t\t\t\t<\/div>\n\t\t\t\t<\/div>\n\t\t\t\t<div class=\"elementor-element elementor-element-49eb02f de_scroll_animation_no elementor-widget elementor-widget-heading\" data-id=\"49eb02f\" data-element_type=\"widget\" data-settings=\"{&quot;ekit_we_effect_on&quot;:&quot;none&quot;}\" data-widget_type=\"heading.default\">\n\t\t\t\t<div class=\"elementor-widget-container\">\n\t\t\t\t\t<h6 class=\"elementor-heading-title elementor-size-default\">A member of CREMER<\/h6>\t\t\t\t<\/div>\n\t\t\t\t<\/div>\n\t\t\t\t<div class=\"elementor-element elementor-element-1eff320 elementor-align-left de_scroll_animation_no elementor-widget elementor-widget-button\" data-id=\"1eff320\" data-element_type=\"widget\" data-settings=\"{&quot;ekit_we_effect_on&quot;:&quot;none&quot;}\" data-widget_type=\"button.default\">\n\t\t\t\t<div class=\"elementor-widget-container\">\n\t\t\t\t\t\t\t\t\t<div class=\"elementor-button-wrapper\">\n\t\t\t\t\t<a class=\"elementor-button elementor-button-link elementor-size-sm\" href=\"https:\/\/erzkontor.com\/\" target=\"_blank\" rel=\"nofollow\">\n\t\t\t\t\t\t<span class=\"elementor-button-content-wrapper\">\n\t\t\t\t\t\t<span class=\"elementor-button-icon\">\n\t\t\t\t<i aria-hidden=\"true\" class=\"fas fa-arrow-right\"><\/i>\t\t\t<\/span>\n\t\t\t\t\t\t\t\t\t<span class=\"elementor-button-text\">erzkontor.com<\/span>\n\t\t\t\t\t<\/span>\n\t\t\t\t\t<\/a>\n\t\t\t\t<\/div>\n\t\t\t\t\t\t\t\t<\/div>\n\t\t\t\t<\/div>\n\t\t\t\t<div class=\"elementor-element elementor-element-c863350 de_scroll_animation_no elementor-widget elementor-widget-text-editor\" data-id=\"c863350\" data-element_type=\"widget\" data-settings=\"{&quot;ekit_we_effect_on&quot;:&quot;none&quot;}\" data-widget_type=\"text-editor.default\">\n\t\t\t\t<div class=\"elementor-widget-container\">\n\t\t\t\t\t\t\t\t\t<p style=\"text-align: justify;\">Possehl Erzkontor procures high-quality raw materials(Minerals, ores and metals, chemicals and plastics) for it&#8217;s customers in refractory, Ironandsteel, glass and cement \u00a0industies, from anywhere in the world in the quantities and types they require, on the best purchasing and delivery terms, supplied just in time. \u00a0<\/p><p style=\"text-align: justify;\">With flexible sales teams, tried and tested suppliers and dynamic logistics specialists around the globe Erzkontor meet it&#8217;s customers stretch goals as dependably as always.<\/p>\t\t\t\t\t\t\t\t<\/div>\n\t\t\t\t<\/div>\n\t\t\t\t<div class=\"elementor-element elementor-element-74d09c8 de_scroll_animation_no elementor-widget elementor-widget-heading\" data-id=\"74d09c8\" data-element_type=\"widget\" data-settings=\"{&quot;ekit_we_effect_on&quot;:&quot;none&quot;}\" data-widget_type=\"heading.default\">\n\t\t\t\t<div class=\"elementor-widget-container\">\n\t\t\t\t\t<h5 class=\"elementor-heading-title elementor-size-default\">References:<\/h5>\t\t\t\t<\/div>\n\t\t\t\t<\/div>\n\t\t\t\t<div class=\"elementor-element elementor-element-a95a63b de_scroll_animation_no elementor-widget elementor-widget-text-editor\" data-id=\"a95a63b\" data-element_type=\"widget\" data-settings=\"{&quot;ekit_we_effect_on&quot;:&quot;none&quot;}\" data-widget_type=\"text-editor.default\">\n\t\t\t\t<div class=\"elementor-widget-container\">\n\t\t\t\t\t\t\t\t\t<ul><li>DAUSSAN \u00c7UKUROVA K\u0130MYA D\u00d6K\u00dcM REFRAKTER SAN. VE T\u0130C.<\/li><li>EGT REFRAKTER GERE\u00c7LER END\u00dcSTR\u0130 VE T\u0130C. LTD. \u015eT\u0130.<\/li><li>HAZNEDAR REFRAKTER SAN. A.\u015e.<\/li><li>K\u00dcMA\u015e MANYEZ\u0130T SANAY\u0130 A.\u015e.<\/li><li>S\u00d6RMA\u015e S\u00d6\u011e\u00dcT REFRAKTER MALZEMELER\u0130 A.\u015e.<\/li><li>K\u0130LTA\u015e REFRAKTER MALZEME SAN. VE T\u0130C. A.\u015e.<\/li><li>ASMA\u015e A\u011eIR SANAY\u0130 MALZ. IMAL VE T\u0130C. A.\u015e.<\/li><li>AYDINLAR REFRAKTER SAN. VE T\u0130C. A.\u015e.<\/li><li>AKM METALURJ\u0130 SANAY\u0130 TEMS\u0130LC\u0130L\u0130K DI\u015e T\u0130C. LTD. \u015eT\u0130.<\/li><li>FERROREFRAKTER A.\u015e.<\/li><\/ul>\t\t\t\t\t\t\t\t<\/div>\n\t\t\t\t<\/div>\n\t\t\t\t\t<\/div>\n\t\t<\/div>\n\t\t\t\t<div class=\"elementor-column elementor-col-33 elementor-top-column elementor-element elementor-element-d03039b\" data-id=\"d03039b\" data-element_type=\"column\">\n\t\t\t<div class=\"elementor-widget-wrap\">\n\t\t\t\t\t\t\t<\/div>\n\t\t<\/div>\n\t\t\t\t<div class=\"elementor-column elementor-col-33 elementor-top-column elementor-element elementor-element-fffe6cf\" data-id=\"fffe6cf\" data-element_type=\"column\">\n\t\t\t<div class=\"elementor-widget-wrap elementor-element-populated\">\n\t\t\t\t\t\t<div class=\"elementor-element elementor-element-f2a948c elementor-widget__width-inherit elementor-widget-mobile__width-inherit elementor-arrows-position-inside elementor-pagination-position-outside de_scroll_animation_no elementor-widget elementor-widget-image-carousel\" data-id=\"f2a948c\" data-element_type=\"widget\" data-settings=\"{&quot;slides_to_show&quot;:&quot;1&quot;,&quot;slides_to_show_mobile&quot;:&quot;1&quot;,&quot;navigation&quot;:&quot;both&quot;,&quot;autoplay&quot;:&quot;yes&quot;,&quot;pause_on_hover&quot;:&quot;yes&quot;,&quot;pause_on_interaction&quot;:&quot;yes&quot;,&quot;autoplay_speed&quot;:5000,&quot;infinite&quot;:&quot;yes&quot;,&quot;effect&quot;:&quot;slide&quot;,&quot;speed&quot;:500,&quot;ekit_we_effect_on&quot;:&quot;none&quot;}\" data-widget_type=\"image-carousel.default\">\n\t\t\t\t<div class=\"elementor-widget-container\">\n\t\t\t\t\t\t\t<div class=\"elementor-image-carousel-wrapper swiper\" role=\"region\" aria-roledescription=\"carousel\" aria-label=\"Image Carousel\" dir=\"ltr\">\n\t\t\t<div class=\"elementor-image-carousel swiper-wrapper\" aria-live=\"off\">\n\t\t\t\t\t\t\t\t<div class=\"swiper-slide\" role=\"group\" aria-roledescription=\"slide\" aria-label=\"1 of 1\"><figure class=\"swiper-slide-inner\"><img decoding=\"async\" class=\"swiper-slide-image\" src=\"https:\/\/ilk-san.com.tr\/en\/wp-content\/uploads\/2022\/03\/OIP.jpeg\" alt=\"OIP\" \/><\/figure><\/div>\t\t\t<\/div>\n\t\t\t\t\t<\/div>\n\t\t\t\t\t\t<\/div>\n\t\t\t\t<\/div>\n\t\t\t\t\t<\/div>\n\t\t<\/div>\n\t\t\t\t\t<\/div>\n\t\t<\/section>\n\t\t\t\t<\/div>\n\t\t","protected":false},"excerpt":{"rendered":"<p>POSSEHL ERZKONTOR A member of CREMER erzkontor.com Possehl Erzkontor procures high-quality raw materials(Minerals, ores and metals, chemicals and plastics) for it&#8217;s customers in refractory, Ironandsteel, glass and cement \u00a0industies, from anywhere in the world in the quantities and types they require, on the best purchasing and delivery terms, supplied just in time. \u00a0 With flexible [&hellip;]<\/p>\n","protected":false},"author":1,"featured_media":0,"parent":0,"menu_order":0,"comment_status":"closed","ping_status":"closed","template":"elementor_header_footer","meta":{"footnotes":""},"class_list":["post-2194","page","type-page","status-publish","hentry"],"_links":{"self":[{"href":"https:\/\/ilk-san.com.tr\/en\/wp-json\/wp\/v2\/pages\/2194","targetHints":{"allow":["GET"]}}],"collection":[{"href":"https:\/\/ilk-san.com.tr\/en\/wp-json\/wp\/v2\/pages"}],"about":[{"href":"https:\/\/ilk-san.com.tr\/en\/wp-json\/wp\/v2\/types\/page"}],"author":[{"embeddable":true,"href":"https:\/\/ilk-san.com.tr\/en\/wp-json\/wp\/v2\/users\/1"}],"replies":[{"embeddable":true,"href":"https:\/\/ilk-san.com.tr\/en\/wp-json\/wp\/v2\/comments?post=2194"}],"version-history":[{"count":67,"href":"https:\/\/ilk-san.com.tr\/en\/wp-json\/wp\/v2\/pages\/2194\/revisions"}],"predecessor-version":[{"id":3045,"href":"https:\/\/ilk-san.com.tr\/en\/wp-json\/wp\/v2\/pages\/2194\/revisions\/3045"}],"wp:attachment":[{"href":"https:\/\/ilk-san.com.tr\/en\/wp-json\/wp\/v2\/media?parent=2194"}],"curies":[{"name":"wp","href":"https:\/\/api.w.org\/{rel}","templated":true}]}}