{"id":2048,"date":"2022-02-27T00:00:49","date_gmt":"2022-02-26T21:00:49","guid":{"rendered":"https:\/\/ilk-san.com.tr\/en\/?page_id=2048"},"modified":"2022-03-12T15:26:45","modified_gmt":"2022-03-12T12:26:45","slug":"maerz-ofenbau-ag","status":"publish","type":"page","link":"https:\/\/ilk-san.com.tr\/en\/maerz-ofenbau-ag\/","title":{"rendered":"MAERZ Ofenbau AG"},"content":{"rendered":"\t\t<div data-elementor-type=\"wp-page\" data-elementor-id=\"2048\" class=\"elementor elementor-2048\">\n\t\t\t\t\t\t<section class=\"elementor-section elementor-top-section elementor-element elementor-element-80c8a14 elementor-section-boxed elementor-section-height-default elementor-section-height-default\" data-id=\"80c8a14\" data-element_type=\"section\" data-settings=\"{&quot;ekit_has_onepagescroll_dot&quot;:&quot;yes&quot;}\">\n\t\t\t\t\t\t<div class=\"elementor-container elementor-column-gap-wider\">\n\t\t\t\t\t<div class=\"elementor-column elementor-col-33 elementor-top-column elementor-element elementor-element-1bcb0ac\" data-id=\"1bcb0ac\" data-element_type=\"column\">\n\t\t\t<div class=\"elementor-widget-wrap elementor-element-populated\">\n\t\t\t\t\t\t<div class=\"elementor-element elementor-element-0d86719 de_scroll_animation_no elementor-widget elementor-widget-heading\" data-id=\"0d86719\" data-element_type=\"widget\" data-settings=\"{&quot;ekit_we_effect_on&quot;:&quot;none&quot;}\" data-widget_type=\"heading.default\">\n\t\t\t\t<div class=\"elementor-widget-container\">\n\t\t\t\t\t<h2 class=\"elementor-heading-title elementor-size-default\">MAERZ Ofenbau AG<\/h2>\t\t\t\t<\/div>\n\t\t\t\t<\/div>\n\t\t\t\t<div class=\"elementor-element elementor-element-49eb02f de_scroll_animation_no elementor-widget elementor-widget-heading\" data-id=\"49eb02f\" data-element_type=\"widget\" data-settings=\"{&quot;ekit_we_effect_on&quot;:&quot;none&quot;}\" data-widget_type=\"heading.default\">\n\t\t\t\t<div class=\"elementor-widget-container\">\n\t\t\t\t\t<h6 class=\"elementor-heading-title elementor-size-default\">Z\u00fcrich\/Switzerland<\/h6>\t\t\t\t<\/div>\n\t\t\t\t<\/div>\n\t\t\t\t<div class=\"elementor-element elementor-element-1eff320 elementor-align-left de_scroll_animation_no elementor-widget elementor-widget-button\" data-id=\"1eff320\" data-element_type=\"widget\" data-settings=\"{&quot;ekit_we_effect_on&quot;:&quot;none&quot;}\" data-widget_type=\"button.default\">\n\t\t\t\t<div class=\"elementor-widget-container\">\n\t\t\t\t\t\t\t\t\t<div class=\"elementor-button-wrapper\">\n\t\t\t\t\t<a class=\"elementor-button elementor-button-link elementor-size-sm\" href=\"https:\/\/www.maerz.com\/\" target=\"_blank\" rel=\"nofollow\">\n\t\t\t\t\t\t<span class=\"elementor-button-content-wrapper\">\n\t\t\t\t\t\t<span class=\"elementor-button-icon\">\n\t\t\t\t<i aria-hidden=\"true\" class=\"fas fa-arrow-right\"><\/i>\t\t\t<\/span>\n\t\t\t\t\t\t\t\t\t<span class=\"elementor-button-text\">maerz.com<\/span>\n\t\t\t\t\t<\/span>\n\t\t\t\t\t<\/a>\n\t\t\t\t<\/div>\n\t\t\t\t\t\t\t\t<\/div>\n\t\t\t\t<\/div>\n\t\t\t\t<div class=\"elementor-element elementor-element-c863350 de_scroll_animation_no elementor-widget elementor-widget-text-editor\" data-id=\"c863350\" data-element_type=\"widget\" data-settings=\"{&quot;ekit_we_effect_on&quot;:&quot;none&quot;}\" data-widget_type=\"text-editor.default\">\n\t\t\t\t<div class=\"elementor-widget-container\">\n\t\t\t\t\t\t\t\t\t<p style=\"text-align: justify;\">Is the world\u2019s no.1 LIME KILN manufacturer for over 60 years experience, over 600 plants in more than 60 countries worldwide.<\/p><p style=\"text-align: justify;\">There are good reasons for the success that Maerz kilns enjoy; such as highest efficiency, lowest energy consumption, broad range of kiln types, individual solutions depending on location, raw materials and available fuel. Maerz portfolio comprises all modern kiln types like;<\/p><ul style=\"text-align: justify;\"><li style=\"text-align: justify;\">PFR Kilns for soft-burnt lime<\/li><li style=\"text-align: justify;\">HPS Kilns for medium-and hard-burnt lime<\/li><li style=\"text-align: justify;\">Special Kilns<\/li><\/ul>\t\t\t\t\t\t\t\t<\/div>\n\t\t\t\t<\/div>\n\t\t\t\t\t<\/div>\n\t\t<\/div>\n\t\t\t\t<div class=\"elementor-column elementor-col-33 elementor-top-column elementor-element elementor-element-d03039b\" data-id=\"d03039b\" data-element_type=\"column\">\n\t\t\t<div class=\"elementor-widget-wrap\">\n\t\t\t\t\t\t\t<\/div>\n\t\t<\/div>\n\t\t\t\t<div class=\"elementor-column elementor-col-33 elementor-top-column elementor-element elementor-element-fffe6cf\" data-id=\"fffe6cf\" data-element_type=\"column\">\n\t\t\t<div class=\"elementor-widget-wrap elementor-element-populated\">\n\t\t\t\t\t\t<div class=\"elementor-element elementor-element-f2a948c elementor-widget__width-inherit elementor-widget-mobile__width-inherit elementor-arrows-position-inside elementor-pagination-position-outside de_scroll_animation_no elementor-widget elementor-widget-image-carousel\" data-id=\"f2a948c\" data-element_type=\"widget\" data-settings=\"{&quot;slides_to_show&quot;:&quot;1&quot;,&quot;slides_to_show_mobile&quot;:&quot;1&quot;,&quot;navigation&quot;:&quot;both&quot;,&quot;autoplay&quot;:&quot;yes&quot;,&quot;pause_on_hover&quot;:&quot;yes&quot;,&quot;pause_on_interaction&quot;:&quot;yes&quot;,&quot;autoplay_speed&quot;:5000,&quot;infinite&quot;:&quot;yes&quot;,&quot;effect&quot;:&quot;slide&quot;,&quot;speed&quot;:500,&quot;ekit_we_effect_on&quot;:&quot;none&quot;}\" data-widget_type=\"image-carousel.default\">\n\t\t\t\t<div class=\"elementor-widget-container\">\n\t\t\t\t\t\t\t<div class=\"elementor-image-carousel-wrapper swiper\" role=\"region\" aria-roledescription=\"carousel\" aria-label=\"Image Carousel\" dir=\"ltr\">\n\t\t\t<div class=\"elementor-image-carousel swiper-wrapper\" aria-live=\"off\">\n\t\t\t\t\t\t\t\t<div class=\"swiper-slide\" role=\"group\" aria-roledescription=\"slide\" aria-label=\"1 of 2\"><figure class=\"swiper-slide-inner\"><img decoding=\"async\" class=\"swiper-slide-image\" src=\"https:\/\/ilk-san.com.tr\/en\/wp-content\/uploads\/2022\/02\/prod_pfr1-1024x710-1024x710-1-768x533.jpeg\" alt=\"prod_pfr1-1024x710-1024x710\" \/><\/figure><\/div><div class=\"swiper-slide\" role=\"group\" aria-roledescription=\"slide\" aria-label=\"2 of 2\"><figure class=\"swiper-slide-inner\"><img decoding=\"async\" class=\"swiper-slide-image\" src=\"https:\/\/ilk-san.com.tr\/en\/wp-content\/uploads\/2022\/02\/prod_hps-1024x710-1024x710-1-768x533.jpeg\" alt=\"prod_hps-1024x710-1024x710\" \/><\/figure><\/div>\t\t\t<\/div>\n\t\t\t\t\t\t\t\t\t\t\t\t<div class=\"elementor-swiper-button elementor-swiper-button-prev\" role=\"button\" tabindex=\"0\">\n\t\t\t\t\t\t<i aria-hidden=\"true\" class=\"eicon-chevron-left\"><\/i>\t\t\t\t\t<\/div>\n\t\t\t\t\t<div class=\"elementor-swiper-button elementor-swiper-button-next\" role=\"button\" tabindex=\"0\">\n\t\t\t\t\t\t<i aria-hidden=\"true\" class=\"eicon-chevron-right\"><\/i>\t\t\t\t\t<\/div>\n\t\t\t\t\n\t\t\t\t\t\t\t\t\t<div class=\"swiper-pagination\"><\/div>\n\t\t\t\t\t\t\t\t\t<\/div>\n\t\t\t\t\t\t<\/div>\n\t\t\t\t<\/div>\n\t\t\t\t\t<\/div>\n\t\t<\/div>\n\t\t\t\t\t<\/div>\n\t\t<\/section>\n\t\t\t\t<section class=\"elementor-section elementor-top-section elementor-element elementor-element-f5eb06d elementor-section-boxed elementor-section-height-default elementor-section-height-default\" data-id=\"f5eb06d\" data-element_type=\"section\" data-settings=\"{&quot;ekit_has_onepagescroll_dot&quot;:&quot;yes&quot;}\">\n\t\t\t\t\t\t<div class=\"elementor-container elementor-column-gap-wider\">\n\t\t\t\t\t<div class=\"elementor-column elementor-col-100 elementor-top-column elementor-element elementor-element-710c8ab\" data-id=\"710c8ab\" data-element_type=\"column\">\n\t\t\t<div class=\"elementor-widget-wrap elementor-element-populated\">\n\t\t\t\t\t\t<div class=\"elementor-element elementor-element-ee353dd de_scroll_animation_no elementor-widget elementor-widget-text-editor\" data-id=\"ee353dd\" data-element_type=\"widget\" data-settings=\"{&quot;ekit_we_effect_on&quot;:&quot;none&quot;}\" data-widget_type=\"text-editor.default\">\n\t\t\t\t<div class=\"elementor-widget-container\">\n\t\t\t\t\t\t\t\t\t<p style=\"text-align: justify;\"><strong>Maerz supports its customers in different ways. Also after commissioning of a turnkey plant he offers:<\/strong><\/p><ul><li style=\"text-align: justify;\">Feasibility studies for your project,<\/li><li style=\"text-align: justify;\">Planning and engineering of lime kilns and entire lime plants,<\/li><li style=\"text-align: justify;\">Turnkey assembly of lime kilns and entire lime plants,<\/li><li style=\"text-align: justify;\">Support with assembly and commissioning from Maerz specialist,<\/li><li style=\"text-align: justify;\">Technical training of the customer employees for operation and maintenance,<\/li><li style=\"text-align: justify;\">Supply of spare parts,<\/li><li style=\"text-align: justify;\">After sales service including consultation on operation or maintenance issues,<\/li><li style=\"text-align: justify;\">Suggestions on how to modernise existing plants, e.g. by retrofitting to adapt to different fuels or by modernising the control system.<\/li><\/ul>\t\t\t\t\t\t\t\t<\/div>\n\t\t\t\t<\/div>\n\t\t\t\t<div class=\"elementor-element elementor-element-74d09c8 de_scroll_animation_no elementor-widget elementor-widget-heading\" data-id=\"74d09c8\" data-element_type=\"widget\" data-settings=\"{&quot;ekit_we_effect_on&quot;:&quot;none&quot;}\" data-widget_type=\"heading.default\">\n\t\t\t\t<div class=\"elementor-widget-container\">\n\t\t\t\t\t<h5 class=\"elementor-heading-title elementor-size-default\">References:<\/h5>\t\t\t\t<\/div>\n\t\t\t\t<\/div>\n\t\t\t\t<div class=\"elementor-element elementor-element-237537d de_scroll_animation_no elementor-widget elementor-widget-text-editor\" data-id=\"237537d\" data-element_type=\"widget\" data-settings=\"{&quot;ekit_we_effect_on&quot;:&quot;none&quot;}\" data-widget_type=\"text-editor.default\">\n\t\t\t\t<div class=\"elementor-widget-container\">\n\t\t\t\t\t\t\t\t\t<ul><li>Erdemir<\/li><li>\u0130\u00e7da\u015f<\/li><li>\u0130sdemir<\/li><li>Karadeniz Madencilik<\/li><li>Kimta\u015f Kire\u00e7 Sanayi<\/li><li>Paksan<\/li><\/ul>\t\t\t\t\t\t\t\t<\/div>\n\t\t\t\t<\/div>\n\t\t\t\t\t<\/div>\n\t\t<\/div>\n\t\t\t\t\t<\/div>\n\t\t<\/section>\n\t\t\t\t<\/div>\n\t\t","protected":false},"excerpt":{"rendered":"<p>MAERZ Ofenbau AG Z\u00fcrich\/Switzerland maerz.com Is the world\u2019s no.1 LIME KILN manufacturer for over 60 years experience, over 600 plants in more than 60 countries worldwide. There are good reasons for the success that Maerz kilns enjoy; such as highest efficiency, lowest energy consumption, broad range of kiln types, individual solutions depending on location, raw [&hellip;]<\/p>\n","protected":false},"author":1,"featured_media":0,"parent":0,"menu_order":0,"comment_status":"closed","ping_status":"closed","template":"elementor_header_footer","meta":{"footnotes":""},"class_list":["post-2048","page","type-page","status-publish","hentry"],"_links":{"self":[{"href":"https:\/\/ilk-san.com.tr\/en\/wp-json\/wp\/v2\/pages\/2048","targetHints":{"allow":["GET"]}}],"collection":[{"href":"https:\/\/ilk-san.com.tr\/en\/wp-json\/wp\/v2\/pages"}],"about":[{"href":"https:\/\/ilk-san.com.tr\/en\/wp-json\/wp\/v2\/types\/page"}],"author":[{"embeddable":true,"href":"https:\/\/ilk-san.com.tr\/en\/wp-json\/wp\/v2\/users\/1"}],"replies":[{"embeddable":true,"href":"https:\/\/ilk-san.com.tr\/en\/wp-json\/wp\/v2\/comments?post=2048"}],"version-history":[{"count":78,"href":"https:\/\/ilk-san.com.tr\/en\/wp-json\/wp\/v2\/pages\/2048\/revisions"}],"predecessor-version":[{"id":3021,"href":"https:\/\/ilk-san.com.tr\/en\/wp-json\/wp\/v2\/pages\/2048\/revisions\/3021"}],"wp:attachment":[{"href":"https:\/\/ilk-san.com.tr\/en\/wp-json\/wp\/v2\/media?parent=2048"}],"curies":[{"name":"wp","href":"https:\/\/api.w.org\/{rel}","templated":true}]}}