{"id":1911,"date":"2022-03-12T00:00:17","date_gmt":"2022-03-11T21:00:17","guid":{"rendered":"https:\/\/ilk-san.com.tr\/en\/?page_id=1911"},"modified":"2022-03-13T12:36:08","modified_gmt":"2022-03-13T09:36:08","slug":"references","status":"publish","type":"page","link":"https:\/\/ilk-san.com.tr\/en\/references\/","title":{"rendered":"References"},"content":{"rendered":"\t\t<div data-elementor-type=\"wp-page\" data-elementor-id=\"1911\" class=\"elementor elementor-1911\">\n\t\t\t\t\t\t<section class=\"elementor-section elementor-top-section elementor-element elementor-element-7ba17e93 elementor-section-boxed elementor-section-height-default elementor-section-height-default\" data-id=\"7ba17e93\" data-element_type=\"section\" data-settings=\"{&quot;ekit_has_onepagescroll_dot&quot;:&quot;yes&quot;}\">\n\t\t\t\t\t\t<div class=\"elementor-container elementor-column-gap-default\">\n\t\t\t\t\t<div class=\"elementor-column elementor-col-100 elementor-top-column elementor-element elementor-element-7c4e87cc\" data-id=\"7c4e87cc\" data-element_type=\"column\">\n\t\t\t<div class=\"elementor-widget-wrap elementor-element-populated\">\n\t\t\t\t\t\t<div class=\"elementor-element elementor-element-8994bf7 de_scroll_animation_no elementor-widget elementor-widget-heading\" data-id=\"8994bf7\" data-element_type=\"widget\" data-settings=\"{&quot;ekit_we_effect_on&quot;:&quot;none&quot;}\" data-widget_type=\"heading.default\">\n\t\t\t\t<div class=\"elementor-widget-container\">\n\t\t\t\t\t<h2 class=\"elementor-heading-title elementor-size-default\">References<\/h2>\t\t\t\t<\/div>\n\t\t\t\t<\/div>\n\t\t\t\t\t<\/div>\n\t\t<\/div>\n\t\t\t\t\t<\/div>\n\t\t<\/section>\n\t\t\t\t<section class=\"elementor-section elementor-top-section elementor-element elementor-element-af00d1d elementor-section-boxed elementor-section-height-default elementor-section-height-default\" data-id=\"af00d1d\" data-element_type=\"section\" data-settings=\"{&quot;ekit_has_onepagescroll_dot&quot;:&quot;yes&quot;}\">\n\t\t\t\t\t\t<div class=\"elementor-container elementor-column-gap-default\">\n\t\t\t\t\t<div class=\"elementor-column elementor-col-100 elementor-top-column elementor-element elementor-element-d511b04\" data-id=\"d511b04\" data-element_type=\"column\">\n\t\t\t<div class=\"elementor-widget-wrap elementor-element-populated\">\n\t\t\t\t\t\t<div class=\"elementor-element elementor-element-67102e5 de_scroll_animation_no elementor-widget elementor-widget-accordion\" data-id=\"67102e5\" data-element_type=\"widget\" data-settings=\"{&quot;ekit_we_effect_on&quot;:&quot;none&quot;}\" data-widget_type=\"accordion.default\">\n\t\t\t\t<div class=\"elementor-widget-container\">\n\t\t\t\t\t\t\t<div class=\"elementor-accordion\">\n\t\t\t\t\t\t\t<div class=\"elementor-accordion-item\">\n\t\t\t\t\t<div id=\"elementor-tab-title-1081\" class=\"elementor-tab-title\" data-tab=\"1\" role=\"button\" aria-controls=\"elementor-tab-content-1081\" aria-expanded=\"false\">\n\t\t\t\t\t\t\t\t\t\t\t\t\t<span class=\"elementor-accordion-icon elementor-accordion-icon-left\" aria-hidden=\"true\">\n\t\t\t\t\t\t\t\t\t\t\t\t\t\t\t<span class=\"elementor-accordion-icon-closed\"><i class=\"fas fa-plus\"><\/i><\/span>\n\t\t\t\t\t\t\t\t<span class=\"elementor-accordion-icon-opened\"><i class=\"fas fa-minus\"><\/i><\/span>\n\t\t\t\t\t\t\t\t\t\t\t\t\t\t<\/span>\n\t\t\t\t\t\t\t\t\t\t\t\t<a class=\"elementor-accordion-title\" tabindex=\"0\">STEEL INDUSTRY<\/a>\n\t\t\t\t\t<\/div>\n\t\t\t\t\t<div id=\"elementor-tab-content-1081\" class=\"elementor-tab-content elementor-clearfix\" data-tab=\"1\" role=\"region\" aria-labelledby=\"elementor-tab-title-1081\"><ul><li>AS\u0130L \u00c7EL\u0130K SANAY\u0130 ve T\u0130CARET A.\u015e.<\/li><li>BA\u015eTU\u011e METALURJ\u0130 SANAY\u0130 A.\u015e.<\/li><li>\u00c7EB\u0130TA\u015e DEM\u0130R \u00c7EL\u0130K END\u00dcSTR\u0130S\u0130 A.\u015e.<\/li><li>\u00c7EMTA\u015e \u00c7EL\u0130K MAK\u0130NA SANAY\u0130 ve T\u0130CARET A.\u015e.<\/li><li>\u00c7OLAKO\u011eLU METALURJ\u0130 A.\u015e.<\/li><li>D\u0130LER DEM\u0130R \u00c7EL\u0130K END\u00dcSTR\u0130S\u0130 ve T\u0130CARET A.\u015e.<\/li><li>EGE \u00c7EL\u0130K END\u00dcSTR\u0130S\u0130 SANAY\u0130 ve T\u0130CARET A.\u015e.<\/li><li>EK\u0130NC\u0130LER DEM\u0130R VE \u00c7EL\u0130K SANAY\u0130 A.\u015e.<\/li><li>ERE\u011eL\u0130 DEM\u0130R ve \u00c7EL\u0130K FABR\u0130KALARI T.A.\u015e.<\/li><li>HABA\u015e SINA\u0130 ve TIBB\u0130 GAZLAR \u0130ST\u0130HSAL END\u00dcSTR\u0130S\u0130 A.\u015e.<\/li><li>\u0130\u00c7DA\u015e \u00c7EL\u0130K ENERJ\u0130 TERSANE ve ULA\u015eIM SANAY\u0130 A.\u015e.<\/li><li>\u0130SKENDERUN DEM\u0130R ve \u00c7EL\u0130K FABR\u0130KALARI T.A.\u015e.<\/li><li>\u0130ZM\u0130R DEM\u0130R \u00c7EL\u0130K SANAY\u0130 A.\u015e.<\/li><li>KAPTAN DEM\u0130R \u00c7EL\u0130K END\u00dcSTR\u0130S\u0130 VE T\u0130CARET A.\u015e.<\/li><li>KAR-DEM\u0130R \u00c7EL\u0130K SAN. A.\u015e.<\/li><li>KARDEM\u0130R KARAB\u00dcK DEM\u0130R \u00c7EL\u0130K SAN. ve T\u0130CARET A.\u015e.<\/li><li>KO\u00c7 \u00c7EL\u0130K SANAY\u0130 A.\u015e.<\/li><li>KROMAN \u00c7EL\u0130K SANAY\u0130 A.\u015e.<\/li><li>MESC\u0130ER DEM\u0130R \u00c7EL\u0130K SAN. T\u0130C A.\u015e.<\/li><li>MKE A\u011eIR S\u0130LAH ve \u00c7EL\u0130K FABR\u0130KASI<\/li><li>MMK METALURJ\u0130 SANAY\u0130 T\u0130CARET VE L\u0130MAN \u0130\u015eLETMEC\u0130L\u0130\u011e\u0130 A.\u015e.<\/li><li>NURSAN METALURJ\u0130 END\u00dcSTR\u0130S\u0130 A.\u015e.<\/li><li>\u00d6ZKAN DEM\u0130R \u00c7EL\u0130K SANAY\u0130 A.\u015e.<\/li><li>S\u0130DEM\u0130R S\u0130VAS DEM\u0130R \u00c7EL\u0130K \u0130\u015eLETMELER\u0130 A.\u015e.<\/li><li>SIDDIK KARDE\u015eLER DEM\u0130R \u00c7EL\u0130K SAN. T\u0130C. LTD. \u015eT\u0130.<\/li><li>S\u0130DER DI\u015e T\u0130CARET A.\u015e.<\/li><li>TOS\u00c7EL\u0130K PROF\u0130L ve SAC END. A.\u015e.<\/li><li>YAZICI DEM\u0130R \u00c7EL\u0130K SANAY\u0130 ve TUR\u0130ZM T\u0130CARET A.\u015e.<\/li><li>YE\u015e\u0130LYURT DEM\u0130R \u00c7EL\u0130K END\u00dcSTR\u0130S\u0130 ve L\u0130MAN \u0130\u015eL. LTD. \u015eT\u0130.<\/li><\/ul><\/div>\n\t\t\t\t<\/div>\n\t\t\t\t\t\t\t<div class=\"elementor-accordion-item\">\n\t\t\t\t\t<div id=\"elementor-tab-title-1082\" class=\"elementor-tab-title\" data-tab=\"2\" role=\"button\" aria-controls=\"elementor-tab-content-1082\" aria-expanded=\"false\">\n\t\t\t\t\t\t\t\t\t\t\t\t\t<span class=\"elementor-accordion-icon elementor-accordion-icon-left\" aria-hidden=\"true\">\n\t\t\t\t\t\t\t\t\t\t\t\t\t\t\t<span class=\"elementor-accordion-icon-closed\"><i class=\"fas fa-plus\"><\/i><\/span>\n\t\t\t\t\t\t\t\t<span class=\"elementor-accordion-icon-opened\"><i class=\"fas fa-minus\"><\/i><\/span>\n\t\t\t\t\t\t\t\t\t\t\t\t\t\t<\/span>\n\t\t\t\t\t\t\t\t\t\t\t\t<a class=\"elementor-accordion-title\" tabindex=\"0\">GLASS INDUSTRY<\/a>\n\t\t\t\t\t<\/div>\n\t\t\t\t\t<div id=\"elementor-tab-content-1082\" class=\"elementor-tab-content elementor-clearfix\" data-tab=\"2\" role=\"region\" aria-labelledby=\"elementor-tab-title-1082\"><ul><li>T\u00dcRK\u0130YE \u015e\u0130\u015eE CAM SAN. A.\u015e. (D\u00dcZCAM, CAM E\u015eYASI, CAM AMBALAJ, CAM ELYAF)<\/li><li>TRAKYA GLASS BULGARIA EAD<\/li><li>TRAKYA GLASS RUS AO<\/li><li>PA\u015eABAH\u00c7E BULGARIA EAD<\/li><li>OOO POSUDA<\/li><li>OOO RUSCAM GLASS PACKAGING HOLDING<\/li><li>PA\u015eABAH\u00c7E EGYPT GLASS MANUFACTORING<\/li><li>JSC MINA<\/li><li>\u015e\u0130\u015eSECAM FLAT GLASS INDIA<\/li><li>BA\u015eT\u00dcRK CAM SANAY\u0130 ve T\u0130C. A.\u015e.<\/li><li>KNAUF A.\u015e.<\/li><li>\u00d6ZPOR ISI YALITIM AMBALAJ T\u0130C. A.\u015e.<\/li><li>PARK CAM SAN. ve T\u0130C. A.\u015e.<\/li><\/ul><\/div>\n\t\t\t\t<\/div>\n\t\t\t\t\t\t\t<div class=\"elementor-accordion-item\">\n\t\t\t\t\t<div id=\"elementor-tab-title-1083\" class=\"elementor-tab-title\" data-tab=\"3\" role=\"button\" aria-controls=\"elementor-tab-content-1083\" aria-expanded=\"false\">\n\t\t\t\t\t\t\t\t\t\t\t\t\t<span class=\"elementor-accordion-icon elementor-accordion-icon-left\" aria-hidden=\"true\">\n\t\t\t\t\t\t\t\t\t\t\t\t\t\t\t<span class=\"elementor-accordion-icon-closed\"><i class=\"fas fa-plus\"><\/i><\/span>\n\t\t\t\t\t\t\t\t<span class=\"elementor-accordion-icon-opened\"><i class=\"fas fa-minus\"><\/i><\/span>\n\t\t\t\t\t\t\t\t\t\t\t\t\t\t<\/span>\n\t\t\t\t\t\t\t\t\t\t\t\t<a class=\"elementor-accordion-title\" tabindex=\"0\">CEMENT AND LIME INDUSTRY<\/a>\n\t\t\t\t\t<\/div>\n\t\t\t\t\t<div id=\"elementor-tab-content-1083\" class=\"elementor-tab-content elementor-clearfix\" data-tab=\"3\" role=\"region\" aria-labelledby=\"elementor-tab-title-1083\"><ul><li>ADO\u00c7\u0130M \u00c7\u0130MENTO BETON SANAY\u0130 ve T\u0130C.A.\u015e.<\/li><li>AK\u00c7ANSA \u00c7\u0130MENTO SAN. ve T\u0130C. A.\u015e.<\/li><li>AS \u00c7\u0130MENTO SAN. A.\u015e.<\/li><li>A\u015eKALE \u00c7\u0130MENTO SANAY\u0130 T.A.\u015e. (A\u015eKALE GRUBU)<\/li><li>BARTIN \u00c7\u0130MENTO SAN. ve T\u0130CARET A.\u015e.<\/li><li>BA\u015eTA\u015e \u00c7\u0130MENTO SANAY\u0130 A.\u015e.<\/li><li>BATI\u00c7\u0130M BATI ANADOLU \u00c7\u0130M SAN. A.\u015e.<\/li><li>BATI S\u00d6KE \u00c7\u0130MENTO SANAY\u0130 T\u0130C.A.\u015e.<\/li><li>BURSA \u00c7IMENTO FABRIKASI A.\u015e.<\/li><li>\u00c7\u0130MENTA\u015e \u0130ZM\u0130R \u00c7\u0130MENTO FABR\u0130KASI SAN. ve T\u0130C. A.\u015e.<\/li><li>\u00c7\u0130MKO \u00c7\u0130MENTO ve BETON SAN. T\u0130C. A.\u015e.<\/li><li>\u00c7\u0130MSA \u00c7IMENTO SANAY\u0130ve T\u0130C. A.\u015e.\/Kire\u00e7<\/li><li>\u0130SKENDERUN DEM\u0130R ve \u00c7EL\u0130K FABR\u0130KALARI A.\u015e.\/Kire\u00e7<\/li><li>K\u0130MTA\u015e K\u0130RE\u00c7 SANAY\u0130 ve T\u0130C. A.\u015e.\/Kire\u00e7<\/li><li>KONYA \u00c7IMENTO SANAYI A.\u015e.<\/li><li>MEDCEM \u00c7\u0130MENTO FABR\u0130KASI A.\u015e.<\/li><li>NUH \u00c7IMENTO SANAYI A.\u015e.<\/li><li>OYAK \u00c7\u0130MENTO FABR\u0130KALARI A.\u015e.<\/li><li>\u00d6ZT\u00dcRE K\u0130RE\u00c7\u00c7\u0130L\u0130K SANAY\u0130 VE T\u0130C. A.\u015e.\/Kire\u00e7<\/li><li>S\u00d6NMEZ \u00c7\u0130MENTO YAPI ve MADENC\u0130L\u0130K SAN. ve T\u0130C. A.\u015e.<\/li><li>VOTORANTIM \u00c7\u0130MENTO SAN. ve T\u0130C. A.\u015e.<\/li><li>YURT \u00c7\u0130MENTO SAN. ve T\u0130C. A.\u015e.<\/li><\/ul><\/div>\n\t\t\t\t<\/div>\n\t\t\t\t\t\t\t<div class=\"elementor-accordion-item\">\n\t\t\t\t\t<div id=\"elementor-tab-title-1084\" class=\"elementor-tab-title\" data-tab=\"4\" role=\"button\" aria-controls=\"elementor-tab-content-1084\" aria-expanded=\"false\">\n\t\t\t\t\t\t\t\t\t\t\t\t\t<span class=\"elementor-accordion-icon elementor-accordion-icon-left\" aria-hidden=\"true\">\n\t\t\t\t\t\t\t\t\t\t\t\t\t\t\t<span class=\"elementor-accordion-icon-closed\"><i class=\"fas fa-plus\"><\/i><\/span>\n\t\t\t\t\t\t\t\t<span class=\"elementor-accordion-icon-opened\"><i class=\"fas fa-minus\"><\/i><\/span>\n\t\t\t\t\t\t\t\t\t\t\t\t\t\t<\/span>\n\t\t\t\t\t\t\t\t\t\t\t\t<a class=\"elementor-accordion-title\" tabindex=\"0\">NON-FERROUS INDUSTRY<\/a>\n\t\t\t\t\t<\/div>\n\t\t\t\t\t<div id=\"elementor-tab-content-1084\" class=\"elementor-tab-content elementor-clearfix\" data-tab=\"4\" role=\"region\" aria-labelledby=\"elementor-tab-title-1084\"><ul><li>ABD\u00dcLKAD\u0130R \u00d6ZCAN A.\u015e.<\/li><li>ER-BAKIR ELEKTROL\u0130T\u0130K BAKIR MAM\u00dcLLLER\u0130 A.\u015e.<\/li><li>ET\u0130 BAKIR A.\u015e.<\/li><li>ET\u0130 KROM A.\u015e.<\/li><li>ET\u0130 ELEKTROMETALURJ\u0130 A.\u015e.<\/li><li>KUDRET METAL \u0130ZABE SAM. NAK.ve T\u0130C. A. \u015e<\/li><li>MUTLU AK\u00dc ve MALZEMELER SAN. A.\u015e.<\/li><li>\u00d6ZNUR KABLO SAN. ve T\u0130C. A.\u015e.<\/li><li>SARKUYSAN ELEKTROL\u0130T\u0130K BAKIR T\u0130C. A.\u015e.<\/li><\/ul><\/div>\n\t\t\t\t<\/div>\n\t\t\t\t\t\t\t<div class=\"elementor-accordion-item\">\n\t\t\t\t\t<div id=\"elementor-tab-title-1085\" class=\"elementor-tab-title\" data-tab=\"5\" role=\"button\" aria-controls=\"elementor-tab-content-1085\" aria-expanded=\"false\">\n\t\t\t\t\t\t\t\t\t\t\t\t\t<span class=\"elementor-accordion-icon elementor-accordion-icon-left\" aria-hidden=\"true\">\n\t\t\t\t\t\t\t\t\t\t\t\t\t\t\t<span class=\"elementor-accordion-icon-closed\"><i class=\"fas fa-plus\"><\/i><\/span>\n\t\t\t\t\t\t\t\t<span class=\"elementor-accordion-icon-opened\"><i class=\"fas fa-minus\"><\/i><\/span>\n\t\t\t\t\t\t\t\t\t\t\t\t\t\t<\/span>\n\t\t\t\t\t\t\t\t\t\t\t\t<a class=\"elementor-accordion-title\" tabindex=\"0\">INDUSTRIAL RAW MATERIALS<\/a>\n\t\t\t\t\t<\/div>\n\t\t\t\t\t<div id=\"elementor-tab-content-1085\" class=\"elementor-tab-content elementor-clearfix\" data-tab=\"5\" role=\"region\" aria-labelledby=\"elementor-tab-title-1085\"><ul><li>DAUSSAN \u00c7UKUROVA K\u0130MYA D\u00d6K\u00dcM REFRAKTER SAN.VE T\u0130C.<\/li><li>EGT REFRAKTER GERE\u00c7LER END\u00dcSTR\u0130 ve T\u0130C. Ltd. \u015eti.<\/li><li>HAZNEDAR REFRAKTER SAN.A.\u015e.<\/li><li>K\u00dcMA\u015e MANYEZ\u0130T SANAY\u0130 A.\u015e.<\/li><li>P\u0130R\u0130MER MAK\u0130NA END\u00dcSTR\u0130S\u0130 VE T\u0130C. A.\u015e.<\/li><li>S\u00d6RMA\u015e S\u00d6\u011e\u00dcT REFRAKTER MALZEMELER\u0130 A.\u015e.<\/li><li>K\u0130LTA\u015e REFRAKTER MALZEME SAN. VE T\u0130C. A.\u015e.<\/li><li>ASMA\u015e A\u011eIR SANAY\u0130 MALZ. IMAL VE T\u0130C. A.\u015e.<\/li><li>AYDINLAR REFRAKTER SAN. VE T\u0130C. A.\u015e.<\/li><li>AKM METALURJ\u0130 SANAY\u0130 TEMS\u0130LC\u0130L\u0130K DI\u015e T\u0130C. LTD.\u015eT\u0130.<\/li><li>FERROREFRAKTER A.\u015e.<\/li><\/ul><\/div>\n\t\t\t\t<\/div>\n\t\t\t\t\t\t\t\t<\/div>\n\t\t\t\t\t\t<\/div>\n\t\t\t\t<\/div>\n\t\t\t\t\t<\/div>\n\t\t<\/div>\n\t\t\t\t\t<\/div>\n\t\t<\/section>\n\t\t\t\t<\/div>\n\t\t","protected":false},"excerpt":{"rendered":"<p>References STEEL INDUSTRY AS\u0130L \u00c7EL\u0130K SANAY\u0130 ve T\u0130CARET A.\u015e. BA\u015eTU\u011e METALURJ\u0130 SANAY\u0130 A.\u015e. \u00c7EB\u0130TA\u015e DEM\u0130R \u00c7EL\u0130K END\u00dcSTR\u0130S\u0130 A.\u015e. \u00c7EMTA\u015e \u00c7EL\u0130K MAK\u0130NA SANAY\u0130 ve T\u0130CARET A.\u015e. \u00c7OLAKO\u011eLU METALURJ\u0130 A.\u015e. D\u0130LER DEM\u0130R \u00c7EL\u0130K END\u00dcSTR\u0130S\u0130 ve T\u0130CARET A.\u015e. EGE \u00c7EL\u0130K END\u00dcSTR\u0130S\u0130 SANAY\u0130 ve T\u0130CARET A.\u015e. EK\u0130NC\u0130LER DEM\u0130R VE \u00c7EL\u0130K SANAY\u0130 A.\u015e. ERE\u011eL\u0130 DEM\u0130R ve \u00c7EL\u0130K FABR\u0130KALARI T.A.\u015e. HABA\u015e [&hellip;]<\/p>\n","protected":false},"author":1,"featured_media":0,"parent":0,"menu_order":0,"comment_status":"closed","ping_status":"closed","template":"elementor_header_footer","meta":{"footnotes":""},"class_list":["post-1911","page","type-page","status-publish","hentry"],"_links":{"self":[{"href":"https:\/\/ilk-san.com.tr\/en\/wp-json\/wp\/v2\/pages\/1911","targetHints":{"allow":["GET"]}}],"collection":[{"href":"https:\/\/ilk-san.com.tr\/en\/wp-json\/wp\/v2\/pages"}],"about":[{"href":"https:\/\/ilk-san.com.tr\/en\/wp-json\/wp\/v2\/types\/page"}],"author":[{"embeddable":true,"href":"https:\/\/ilk-san.com.tr\/en\/wp-json\/wp\/v2\/users\/1"}],"replies":[{"embeddable":true,"href":"https:\/\/ilk-san.com.tr\/en\/wp-json\/wp\/v2\/comments?post=1911"}],"version-history":[{"count":21,"href":"https:\/\/ilk-san.com.tr\/en\/wp-json\/wp\/v2\/pages\/1911\/revisions"}],"predecessor-version":[{"id":3077,"href":"https:\/\/ilk-san.com.tr\/en\/wp-json\/wp\/v2\/pages\/1911\/revisions\/3077"}],"wp:attachment":[{"href":"https:\/\/ilk-san.com.tr\/en\/wp-json\/wp\/v2\/media?parent=1911"}],"curies":[{"name":"wp","href":"https:\/\/api.w.org\/{rel}","templated":true}]}}